{"id":8,"date":"2019-03-26T14:33:08","date_gmt":"2019-03-26T14:33:08","guid":{"rendered":"https:\/\/vilarem.net\/?page_id=8"},"modified":"2024-07-06T08:00:18","modified_gmt":"2024-07-06T07:00:18","slug":"toastmasters","status":"publish","type":"page","link":"https:\/\/vilarem.net\/nl\/toastmasters\/","title":{"rendered":"D\u00e9couvrir Toastmasters"},"content":{"rendered":"\n<p>Comment pr\u00e9senter Toastmasters&#8230; vaste question. C&#8217;est quelque chose qui ne ressemble \u00e0 rien d&#8217;autre qu pr\u00e9senter \u00e7a en une page est une vraie gageure.<\/p>\n\n\n\n<p>Toastmasters c&#8217;est tout \u00e0 la fois une une ambiance, un esprit, des valeurs et une m\u00e9thode d&#8217;apprentissage d\u00e9velopp\u00e9e depuis pr\u00e8s de cent ans.<\/p>\n\n\n\n<p>Toastmasters c&#8217;est aussi un ensemble de clubs pr\u00e9sents sur toute la plan\u00e8te et c&#8217;est le demi-million de personnes qui y apprennent la prise de parole en public et l&#8217;art, qu&#8217;on appelle &#8220;leadership&#8221;, d&#8217;impliquer, motiver et coordonner les gens &#8230; <\/p>\n\n\n\n<p>On d\u00e9couvre souvent Toastmasters au d\u00e9tour d&#8217;une mention sur un site web tel que celui-ci. Puis on pousse la porte d&#8217;un club toastmasters&#8230; Laissez moi vous raconter comment \u00e7a s&#8217;est pass\u00e9 pour moi.<\/p>\n\n\n\n<p>Tomber sur Toastmasters au d\u00e9tour d&#8217;une page web c&#8217;est exactement ce qui s&#8217;est pass\u00e9 pour moi fin 2014 quand je suis tomb\u00e9 sur une page \u00e9voquant rapidement Toastmasters sur le site du Project Management Institute. L&#8217;indication \u00e9tait vraiment minimale. Quelque chose disant \u00e0 quelque chose pr\u00e8s &#8220;Si vous voulez apprendre \u00e0 parler en public pour mieux animer vos r\u00e9unions projet vous pouvez regarder du c\u00f4t\u00e9 de Toastmasters&#8221;.<\/p>\n\n\n\n<p>Je cherchais \u00e0 progresser dans ce domaine depuis longtemps. J&#8217;ai donc cliqu\u00e9 sur le lien et d\u00e9couvert le site de Toastmasters International.<\/p>\n\n\n\n<p>\u00c7a parlait de prise de parole en public, de d\u00e9veloppement de la confiance en soi, d&#8217;apprentissage par la pratique. Ca parlait de l&#8217;art du commentaire (feedback en anglais)&#8230; \u00c7a expliquait que l&#8217;on pouvait progresser mieux et plus vite gr\u00e2ce aux commentaires et aux suggestions des autres, \u00e7a expliquait que cet art du commentaire ou de la &#8220;critique bienveillante&#8221; \u00e9tait tout sauf inn\u00e9&#8230; et que \u00e7a pouvait s&#8217;apprendre!<\/p>\n\n\n\n<p> C&#8217;\u00e9tait Noel avant l&#8217;heure! J&#8217;ai pris contact avec le club le plus proche de chez moi et j&#8217;ai \u00e9t\u00e9 tr\u00e8s bien renseign\u00e9. J&#8217;ai \u00e9t\u00e9 invit\u00e9 \u00e0 venir voir de mes propres yeux le d\u00e9roulement d&#8217;une r\u00e9union de pratique.<\/p>\n\n\n\n<p>Je n&#8217;avais pas le temps. Pas trop l&#8217;\u00e9nergie. Ni la motivation. C&#8217;\u00e9tait compliqu\u00e9 dans ma vie sur tous les plans. <\/p>\n\n\n\n<p>Alors j&#8217;y suis all\u00e9. Je sais \u00e7a n&#8217;est pas logique.<\/p>\n\n\n\n<p>J&#8217;avais si longuement cherch\u00e9 quelque chose comme \u00e7a que s&#8217;en d\u00e9tourner au dernier moment paraissait encore plus idiot que de prendre un temps que je n&#8217;avais pas.<\/p>\n\n\n\n<p>Et puis quelque chose s&#8217;\u00e9tait pass\u00e9 lors des \u00e9changes t\u00e9l\u00e9phoniques&#8230; j&#8217;\u00e9tais curieux&#8230; attir\u00e9.<\/p>\n\n\n\n<p>Alors j&#8217;ai accept\u00e9 et j&#8217;ai franchi la porte pour d\u00e9couvrir le &#8220;monde Toastmasters&#8221;. Je suis rentr\u00e9 dans cette pi\u00e8ce fatigu\u00e9&#8230; deux heures apr\u00e8s j&#8217;en suis ressorti &#8220;nettoy\u00e9&#8221;, revigor\u00e9, enthousiaste !<\/p>\n\n\n\n<p>Cette premi\u00e8re soir\u00e9e m&#8217;a distrait de mes soucis, et j&#8217;y ai appris sur la prise de parole en public (j&#8217;\u00e9tais venu pour \u00e7a) rien qu&#8217;en les regardant faire et en \u00e9coutant les commentaires et les suggestions d&#8217;am\u00e9liorations (qui font partie de la m\u00e9thode). Mais surtout cette bienveillance, ce soutien mutuel, cet esprit positif qui baignait la r\u00e9union m&#8217;ont r\u00e9ellement fait un bien fou.<\/p>\n\n\n\n<p>J&#8217;ai adh\u00e9r\u00e9 au club le soir m\u00eame&#8230; et \u00e7a a \u00e9t\u00e9 le d\u00e9but de l&#8217;aventure Toastmasters.<\/p>\n\n\n\n<p>Au prochain \u00e9pisode les curieux pourront d\u00e9couvrir les grandes lignes d&#8217;une r\u00e9union Toastmasters&#8230;<\/p>\n\n\n\n<p>A bient\u00f4t<\/p>\n","protected":false},"excerpt":{"rendered":"<p>Comment pr\u00e9senter Toastmasters&#8230; vaste question. C&#8217;est quelque chose qui ne ressemble \u00e0 rien d&#8217;autre qu pr\u00e9senter \u00e7a en une page est une vraie gageure. Toastmasters c&#8217;est tout \u00e0 la fois une une ambiance, un esprit, des valeurs et une m\u00e9thode d&#8217;apprentissage d\u00e9velopp\u00e9e depuis pr\u00e8s de cent ans. Toastmasters c&#8217;est aussi un ensemble de clubs pr\u00e9sents [&hellip;]<\/p>\n","protected":false},"author":2,"featured_media":0,"parent":0,"menu_order":10,"comment_status":"closed","ping_status":"closed","template":"","meta":{"_uag_custom_page_level_css":"","site-sidebar-layout":"default","site-content-layout":"default","ast-site-content-layout":"default","site-content-style":"default","site-sidebar-style":"default","ast-global-header-display":"","ast-banner-title-visibility":"","ast-main-header-display":"","ast-hfb-above-header-display":"","ast-hfb-below-header-display":"","ast-hfb-mobile-header-display":"","site-post-title":"","ast-breadcrumbs-content":"","ast-featured-img":"","footer-sml-layout":"","ast-disable-related-posts":"","theme-transparent-header-meta":"default","adv-header-id-meta":"","stick-header-meta":"","header-above-stick-meta":"","header-main-stick-meta":"","header-below-stick-meta":"","astra-migrate-meta-layouts":"default","ast-page-background-enabled":"default","ast-page-background-meta":{"desktop":{"background-color":"","background-image":"","background-repeat":"repeat","background-position":"center center","background-size":"auto","background-attachment":"scroll","background-type":"","background-media":"","overlay-type":"","overlay-color":"","overlay-opacity":"","overlay-gradient":""},"tablet":{"background-color":"","background-image":"","background-repeat":"repeat","background-position":"center center","background-size":"auto","background-attachment":"scroll","background-type":"","background-media":"","overlay-type":"","overlay-color":"","overlay-opacity":"","overlay-gradient":""},"mobile":{"background-color":"","background-image":"","background-repeat":"repeat","background-position":"center center","background-size":"auto","background-attachment":"scroll","background-type":"","background-media":"","overlay-type":"","overlay-color":"","overlay-opacity":"","overlay-gradient":""}},"ast-content-background-meta":{"desktop":{"background-color":"var(--ast-global-color-5)","background-image":"","background-repeat":"repeat","background-position":"center center","background-size":"auto","background-attachment":"scroll","background-type":"","background-media":"","overlay-type":"","overlay-color":"","overlay-opacity":"","overlay-gradient":""},"tablet":{"background-color":"var(--ast-global-color-5)","background-image":"","background-repeat":"repeat","background-position":"center center","background-size":"auto","background-attachment":"scroll","background-type":"","background-media":"","overlay-type":"","overlay-color":"","overlay-opacity":"","overlay-gradient":""},"mobile":{"background-color":"var(--ast-global-color-5)","background-image":"","background-repeat":"repeat","background-position":"center center","background-size":"auto","background-attachment":"scroll","background-type":"","background-media":"","overlay-type":"","overlay-color":"","overlay-opacity":"","overlay-gradient":""}},"footnotes":""},"uagb_featured_image_src":{"full":false,"thumbnail":false,"medium":false,"medium_large":false,"large":false,"1536x1536":false,"2048x2048":false},"uagb_author_info":{"display_name":"Pascal Vilarem","author_link":"https:\/\/vilarem.net\/nl\/author\/pvilarem\/"},"uagb_comment_info":0,"uagb_excerpt":"Comment pr\u00e9senter Toastmasters&#8230; vaste question. C&#8217;est quelque chose qui ne ressemble \u00e0 rien d&#8217;autre qu pr\u00e9senter \u00e7a en une page est une vraie gageure. Toastmasters c&#8217;est tout \u00e0 la fois une une ambiance, un esprit, des valeurs et une m\u00e9thode d&#8217;apprentissage d\u00e9velopp\u00e9e depuis pr\u00e8s de cent ans. Toastmasters c&#8217;est aussi un ensemble de clubs pr\u00e9sents&hellip;","amp_enabled":true,"_links":{"self":[{"href":"https:\/\/vilarem.net\/nl\/wp-json\/wp\/v2\/pages\/8"}],"collection":[{"href":"https:\/\/vilarem.net\/nl\/wp-json\/wp\/v2\/pages"}],"about":[{"href":"https:\/\/vilarem.net\/nl\/wp-json\/wp\/v2\/types\/page"}],"author":[{"embeddable":true,"href":"https:\/\/vilarem.net\/nl\/wp-json\/wp\/v2\/users\/2"}],"replies":[{"embeddable":true,"href":"https:\/\/vilarem.net\/nl\/wp-json\/wp\/v2\/comments?post=8"}],"version-history":[{"count":0,"href":"https:\/\/vilarem.net\/nl\/wp-json\/wp\/v2\/pages\/8\/revisions"}],"wp:attachment":[{"href":"https:\/\/vilarem.net\/nl\/wp-json\/wp\/v2\/media?parent=8"}],"curies":[{"name":"wp","href":"https:\/\/api.w.org\/{rel}","templated":true}]}}