{"id":5,"date":"2019-03-26T14:29:55","date_gmt":"2019-03-26T14:29:55","guid":{"rendered":"https:\/\/vilarem.net\/?page_id=5"},"modified":"2024-07-06T08:00:24","modified_gmt":"2024-07-06T07:00:24","slug":"about","status":"publish","type":"page","link":"https:\/\/vilarem.net\/nl\/about\/","title":{"rendered":"Mon histoire en un peu plus long"},"content":{"rendered":"\n<div class=\"wp-block-media-text alignwide has-media-on-the-right is-stacked-on-mobile\" style=\"grid-template-columns:auto 30%\"><div class=\"wp-block-media-text__content\">\n<p class=\"has-large-font-size\">Formation<\/p>\n\n\n\n<p>Il faut bien commencer par quelque chose&#8230;<\/p>\n\n\n\n<p>Je suis Ing\u00e9nieur Arts et M\u00e9tiers de formation, c&#8217;est une formation g\u00e9n\u00e9raliste plut\u00f4t connue en France, \u00e0 la fois pour la qualit\u00e9 de sa formation d&#8217;Ing\u00e9nieur et pour l&#8217;apprentissage atypique en termes de &#8220;soft skills&#8221; qu&#8217;apporte la communaut\u00e9 &#8220;Arts et m\u00e9tiers&#8221; d\u00e8s l&#8217;entr\u00e9e \u00e0 l&#8217;\u00e9cole. Cette 2<sup>e<\/sup> formation \u00e0 des choses qui n&#8217;ont rien \u00e0 voir avec la technique et tout \u00e0 voir avec l&#8217;humain fait de moi un &#8220;Gad&#8217;zart&#8221; en plus d&#8217;un Ing\u00e9nieur ENSAM.<\/p>\n\n\n\n<p>Lors de cette p\u00e9riode d&#8217;\u00e9tudes  j&#8217;ai suivi un double cursus, en parall\u00e8le: Ing\u00e9nieur et DEA (Dipl\u00f4me d&#8217;\u00c9tudes Approfondies) en &#8220;Proc\u00e9d\u00e9s de Fabrication&#8221;. A ce titre je suis dipl\u00f4m\u00e9 ENSAM-ENS (Ecole Normale Sup\u00e9rieure).<\/p>\n\n\n\n<p>Depuis mon entr\u00e9e \u00e0 Toastmasters, j&#8217;ai suivi un certain nombre des parcours d&#8217;apprentissage \u00e0 la prise de parole en public et au d\u00e9veloppement du &#8220;leadership&#8221;. Je suis reconnu par Toastmasters International comme &#8220;<strong>Advanced Leader Bronze<\/strong>&#8221; ainsi que comme &#8220;<strong>Competent Communicator<\/strong>&#8220;. Et je suis assez fier de ces deux reconnaissances.<\/p>\n\n\n\n<p>Avec l&#8217;arriv\u00e9e des nouveaux programmes Pathways les prochaines qualifications que je vise sont : <\/p>\n\n\n\n<ul>\n<li>Competence en Leadership Dynamique<\/li>\n\n\n\n<li>Competence en Strat\u00e9gies de Motivation<\/li>\n\n\n\n<li>Competence en Relations strat\u00e9giques<\/li>\n<\/ul>\n\n\n\n<p><\/p>\n<\/div><figure class=\"wp-block-media-text__media\"><img decoding=\"async\" width=\"480\" height=\"720\" src=\"https:\/\/vilarem.net\/wp-content\/uploads\/2021\/04\/IMG_0985-002_480.jpg\" alt=\"\" class=\"wp-image-1360 size-full\" srcset=\"https:\/\/vilarem.net\/wp-content\/uploads\/2021\/04\/IMG_0985-002_480.jpg 480w, https:\/\/vilarem.net\/wp-content\/uploads\/2021\/04\/IMG_0985-002_480-200x300.jpg 200w\" sizes=\"(max-width: 480px) 100vw, 480px\" \/><\/figure><\/div>\n\n\n\n<h2 class=\"wp-block-heading\">Parcours professionnel<\/h2>\n\n\n\n<p>D\u00e8s la sortie d&#8217;\u00e9cole je suis entr\u00e9 dans une entreprise de services en informatique. Le terme consacr\u00e9 \u00e9tait SSII \u00e0 l&#8217;\u00e9poque, on utilise plus volontiers ESN d\u00e9sormais. Le principe est de fournir des comp\u00e9tences et des services dans des domaines li\u00e9s \u00e0 l&#8217;informatique. Cela va de l&#8217;assistance technique ponctuelle de quelques jours sur un sujet pr\u00e9cis \u00e0 la r\u00e9alisation de projets pharaoniques de plusieurs milliers de jours-hommes de travail.<\/p>\n\n\n\n<p>J&#8217;y suis entr\u00e9 par int\u00e9r\u00eat pour un sujet pr\u00e9cis, la CFAO, ou Conception et Fabrication Assist\u00e9e par Ordinateur, parce que j&#8217;\u00e9tais \u00e0 l&#8217;\u00e9poque un des rares \u00e9tudiants sortants de l&#8217;\u00e9cole et d\u00e9j\u00e0 op\u00e9rationnel sur le logiciel CATIA de Dassault Syst\u00e8mes (Il faudra que je raconte cette histoire un jour). La CFAO est un domaine \u00e0 la crois\u00e9e de deux mondes, celui de l&#8217;industrie et celui de l&#8217;informatique. <\/p>\n\n\n\n<p>J&#8217;ai assez vite bascul\u00e9 du c\u00f4t\u00e9 informatique de la force&#8230; parce que j&#8217;\u00e9tais curieux et avide d&#8217;apprendre, parce que c&#8217;\u00e9tait un domaine nouveau pour le Gad&#8217;zarts que j&#8217;\u00e9tais et donc un d\u00e9fi \u00e0 relever, et parce que je progressais de fa\u00e7on spectaculaire (et que c&#8217;est une sensation grisante).<\/p>\n\n\n\n<p>Dans cette SSII\/ESN dont le nom \u00e9tait St\u00e9ria (Le nom a chang\u00e9 mais Sopra-Steria existe toujours) j&#8217;ai \u00e9norm\u00e9ment appris et tenus des roles tr\u00e8s vari\u00e9s : Administrateur syst\u00e8mes, Administrateur de bases de donn\u00e9es, Int\u00e9grateur, Responsable de maintenance applicative, Architecte, Chef de projet, Expert, Animateur de groupes d&#8217;experts&#8230;<\/p>\n\n\n\n<p>A cette \u00e9poque j&#8217;ai d\u00e9velopp\u00e9 une app\u00e9tence croissante pour le monde de l&#8217;Open Source, des Logiciels Libre et des valeurs qui gravitent autour. Et je suis devenu contributeur plusieurs projets Open Source ce qui m&#8217;a fourni l&#8217;occasion de d\u00e9couvrir de nouvelles technologies et de c\u00f4toyer des pionniers de qui fait l&#8217;internet aujourd&#8217;hui : Linux, MySQL, Apache, PHP, Python, Perl&#8230;<\/p>\n\n\n\n<p>J&#8217;ai ensuite \u00e9t\u00e9 recrut\u00e9 par une entreprise, Linagora, dont le c\u0153ur d&#8217;activit\u00e9 est justement centr\u00e9 sur l&#8217;Open Source. Partager un certain nombre de valeurs, la coop\u00e9ration, la libert\u00e9 du code, l&#8217;importance de la souverainet\u00e9 num\u00e9rique \u00e7a aide \u00e0 ce que \u00e7a fonctionne.<\/p>\n\n\n\n<p>Au sein de Linagora, qui est encore aujourd&#8217;hui l&#8217;entreprise o\u00f9 je travaille, j&#8217;ai tenu plusieurs r\u00f4les : Responsable technique d&#8217;Agence, puis Responsable d&#8217;Agence, et en parall\u00e8le en fonction de besoins et des missions : Expert Open Source, Directeur de Projets ou de Programmes, Architecte&#8230;<\/p>\n\n\n\n<p>C&#8217;est l&#8217;occasion d&#8217;accompagner des grandes entreprises ou des administrations, y compris des minist\u00e8res majeurs ou des grandes entit\u00e9s publiques dans leurs strat\u00e9gies digitales. J&#8217;ai pu piloter ainsi des grands projets de r\u00e9alisation de sites web et aider de grands minist\u00e8res \u00e0 d\u00e9velopper leurs strat\u00e9gies de communication digitale.<\/p>\n\n\n\n<p>J&#8217;appr\u00e9cie tout particuli\u00e8rement quand j&#8217;ai l&#8217;occasion d&#8217;accompagner des organismes comme une Agence de l&#8217;Eau o\u00f9 je peux \u00e0 la fois apporter mon expertise au service d&#8217;une communication digitale et contribuer au bon fonctionnement d&#8217;une structure qui oeuvre pour am\u00e9liorer la vie (en l&#8217;occurrence pr\u00e9server la qualit\u00e9 de l&#8217;eau qui nous est \u00e0 tous si pr\u00e9cieuse).<\/p>\n\n\n\n<h2 class=\"wp-block-heading\">Parcours Open Source<\/h2>\n\n\n\n<p>Mes premi\u00e8res installations de Linux datent des ann\u00e9es 1995&#8230; \u00e0 l&#8217;\u00e9poque on trouvait des disquettes ou des CDROM dans des magazines et il fallait des heures de bricolage pour arriver \u00e0 simplement d\u00e9marrer un ordinateur sous Linux. Aujourd&#8217;hui plus besoinde de &#8220;recompiler&#8221; des noyaux&#8230; les syst\u00e8mes Linux s&#8217;installent tout seuls, sont ergonomiques, s\u00e9curis\u00e9s, et ennuyeusement stables \ud83d\ude42<\/p>\n\n\n\n<p>Les premi\u00e8res  ann\u00e9es c&#8217;\u00e9tait par curiosit\u00e9, par go\u00fbt de le nouveaut\u00e9, et parce que \u00e7a permettait d&#8217;apprendre vraiment comment \u00e7a fonctionne un ordinateur&#8230; <\/p>\n\n\n\n<p>Par la suite, je suis entr\u00e9 dans l&#8217;\u00e9quipe support du projet b\u00e9n\u00e9vole grenouille.com d\u00e9di\u00e9 \u00e0 la qualim\u00e9trie des connexions internet. \u00c7a a \u00e9t\u00e9 l&#8217;occasion d&#8217;apprendre \u00e0 g\u00e9rer des infrastructures redond\u00e9es et hautement charg\u00e9es : 3000 connexions simultan\u00e9es sur la base de donn\u00e9es, 300 000 utilisateurs  inscrits sur les forums. Dix minutes d&#8217;interruption de service suffisaient \u00e0 provoquer un toll\u00e9 sur les forums et une v\u00e9ritable temp\u00eate de mails de r\u00e9clamations. \u00c7a a aussi \u00e9t\u00e9 l&#8217;occasion de mettre au point des m\u00e9thodes de refonte logicielle lourdes sans interruption de service, un arr\u00eat \u00e9tant tout simplement inenvisageable pour les utilisateurs du service. J&#8217;utilise encore certaines de ces m\u00e9thodes en 2021 dans le cadre de projets de refonte pas du tout b\u00e9n\u00e9voles ceux l\u00e0 \ud83d\ude42<\/p>\n\n\n\n<p>J&#8217;ai aussi \u00e9t\u00e9 contributeur mineur pour divers projets \u00e9crits en PHP dont PHPGroupWare pour lequel j&#8217;ai, \u00e0 l&#8217;\u00e9poque, \u00e9crit un module de gestion \u00e9lectronique de documents int\u00e9grant un moteur de workflow.<\/p>\n\n\n\n<p>Et la plus importante des communaut\u00e9s pour laquelle je suis encore contributeur : Mageia. A l&#8217;\u00e9poque c&#8217;\u00e9tait Mandrake Linux. C&#8217;est devenu un temps Mandriva. Et c&#8217;est le fork communautaire Mageia qui depuis dix ans  propose une distribution Linux Fran\u00e7aise, Europ\u00e9enne, libre communautaire et gratuite \u00e0 la fois facile \u00e0 utiliser pour les d\u00e9butants et assez robuste pour faire fonctionner des serveurs d&#8217;entreprises.<\/p>\n\n\n\n<p>J&#8217;ai \u00e9t\u00e9 le cr\u00e9ateur des forums internationaux et animateur de la premi\u00e8re \u00e9quipe de mod\u00e9ration. Je suis aujourd&#8217;hui l&#8217;animateur de l&#8217;\u00e9quipe en charge des infrastructures et le tr\u00e9sorier de l&#8217;association Mageia. Et petit \u00e0 petit je monte en comp\u00e9tences pour pouvoir packager, activit\u00e9 qui constitue en quelque sorte le graal de la contribution pour une distribution Linux.<\/p>\n\n\n\n<h2 class=\"wp-block-heading\">Parcours Toastmasters<\/h2>\n\n\n\n<p>Toastmasters est <a href=\"https:\/\/vilarem.net\/toastmasters\/\" title=\"D\u00e9couverte de Toastmasers\">ma derni\u00e8re d\u00e9couverte<\/a> en 2014&#8230; et c&#8217;est aujourd&#8217;hui une part tr\u00e8s importante de ma vie. Toastmasters m&#8217;a permis de d\u00e9velopper des comp\u00e9tences dont j&#8217;avais cruellement besoin du point de vue professionnel. Toastmasters m&#8217;a aussi permis d&#8217;\u00e9voluer profond\u00e9ment \u00e0 beaucoup de points de vue : \u00e9tat d&#8217;esprit, r\u00e9flexes de pens\u00e9e, \u00e9nergie, confiance&#8230;<\/p>\n\n\n\n<p>J&#8217;ai \u00e9t\u00e9 membre et je le suis toujours. Au niveau club, j&#8217;ai tenu les r\u00f4les de Secr\u00e9taire, de Pr\u00e9sident, de Vice Pr\u00e9sident \u00e0 l&#8217;\u00e9ducation et de Vice Pr\u00e9sident aux Relations Publiques. Au niveau District, j&#8217;ai tenu les r\u00f4les de Directeur de Secteur, de directeur de Division, de Pr\u00e9sident de Conf\u00e9rence, de Parlementaire, de Responsable Administratif de District et de suis aujourd&#8217;hui Responsable Informatique du District.<\/p>\n\n\n\n<p>Je travaille en collaboration \u00e9troite avec le Responsable Relations Publiques du District : maintien de sites web en conditions op\u00e9rationnelles, conseils techniques pour l&#8217;optimisation des sites, Mesures d&#8217;audience, gestion des infrastructures mail et des applications web du District. J&#8217;accompagne \u00e9galement les Clubs les Secteurs et les Divisions dans leurs strat\u00e9gies de communication digitale. Dans ces activit\u00e9s je b\u00e9n\u00e9ficie de l&#8217;exp\u00e9rience professionnelle accumul\u00e9e au service de d\u00e9partements Relations Publiques ou Communication de clients. Et j&#8217;en fais b\u00e9n\u00e9ficier avec plaisir les Toastmasters qui me sollicitent.<\/p>\n","protected":false},"excerpt":{"rendered":"<p>Parcours professionnel D\u00e8s la sortie d&#8217;\u00e9cole je suis entr\u00e9 dans une entreprise de services en informatique. Le terme consacr\u00e9 \u00e9tait SSII \u00e0 l&#8217;\u00e9poque, on utilise plus volontiers ESN d\u00e9sormais. Le principe est de fournir des comp\u00e9tences et des services dans des domaines li\u00e9s \u00e0 l&#8217;informatique. Cela va de l&#8217;assistance technique ponctuelle de quelques jours sur [&hellip;]<\/p>\n","protected":false},"author":2,"featured_media":0,"parent":0,"menu_order":90,"comment_status":"closed","ping_status":"closed","template":"","meta":{"_uag_custom_page_level_css":"","site-sidebar-layout":"default","site-content-layout":"default","ast-site-content-layout":"default","site-content-style":"default","site-sidebar-style":"default","ast-global-header-display":"","ast-banner-title-visibility":"","ast-main-header-display":"","ast-hfb-above-header-display":"","ast-hfb-below-header-display":"","ast-hfb-mobile-header-display":"","site-post-title":"","ast-breadcrumbs-content":"","ast-featured-img":"","footer-sml-layout":"","ast-disable-related-posts":"","theme-transparent-header-meta":"default","adv-header-id-meta":"","stick-header-meta":"","header-above-stick-meta":"","header-main-stick-meta":"","header-below-stick-meta":"","astra-migrate-meta-layouts":"default","ast-page-background-enabled":"default","ast-page-background-meta":{"desktop":{"background-color":"","background-image":"","background-repeat":"repeat","background-position":"center center","background-size":"auto","background-attachment":"scroll","background-type":"","background-media":"","overlay-type":"","overlay-color":"","overlay-opacity":"","overlay-gradient":""},"tablet":{"background-color":"","background-image":"","background-repeat":"repeat","background-position":"center center","background-size":"auto","background-attachment":"scroll","background-type":"","background-media":"","overlay-type":"","overlay-color":"","overlay-opacity":"","overlay-gradient":""},"mobile":{"background-color":"","background-image":"","background-repeat":"repeat","background-position":"center center","background-size":"auto","background-attachment":"scroll","background-type":"","background-media":"","overlay-type":"","overlay-color":"","overlay-opacity":"","overlay-gradient":""}},"ast-content-background-meta":{"desktop":{"background-color":"var(--ast-global-color-5)","background-image":"","background-repeat":"repeat","background-position":"center center","background-size":"auto","background-attachment":"scroll","background-type":"","background-media":"","overlay-type":"","overlay-color":"","overlay-opacity":"","overlay-gradient":""},"tablet":{"background-color":"var(--ast-global-color-5)","background-image":"","background-repeat":"repeat","background-position":"center center","background-size":"auto","background-attachment":"scroll","background-type":"","background-media":"","overlay-type":"","overlay-color":"","overlay-opacity":"","overlay-gradient":""},"mobile":{"background-color":"var(--ast-global-color-5)","background-image":"","background-repeat":"repeat","background-position":"center center","background-size":"auto","background-attachment":"scroll","background-type":"","background-media":"","overlay-type":"","overlay-color":"","overlay-opacity":"","overlay-gradient":""}},"footnotes":""},"uagb_featured_image_src":{"full":false,"thumbnail":false,"medium":false,"medium_large":false,"large":false,"1536x1536":false,"2048x2048":false},"uagb_author_info":{"display_name":"Pascal Vilarem","author_link":"https:\/\/vilarem.net\/nl\/author\/pvilarem\/"},"uagb_comment_info":0,"uagb_excerpt":"Parcours professionnel D\u00e8s la sortie d&#8217;\u00e9cole je suis entr\u00e9 dans une entreprise de services en informatique. Le terme consacr\u00e9 \u00e9tait SSII \u00e0 l&#8217;\u00e9poque, on utilise plus volontiers ESN d\u00e9sormais. Le principe est de fournir des comp\u00e9tences et des services dans des domaines li\u00e9s \u00e0 l&#8217;informatique. Cela va de l&#8217;assistance technique ponctuelle de quelques jours sur&hellip;","amp_enabled":true,"_links":{"self":[{"href":"https:\/\/vilarem.net\/nl\/wp-json\/wp\/v2\/pages\/5"}],"collection":[{"href":"https:\/\/vilarem.net\/nl\/wp-json\/wp\/v2\/pages"}],"about":[{"href":"https:\/\/vilarem.net\/nl\/wp-json\/wp\/v2\/types\/page"}],"author":[{"embeddable":true,"href":"https:\/\/vilarem.net\/nl\/wp-json\/wp\/v2\/users\/2"}],"replies":[{"embeddable":true,"href":"https:\/\/vilarem.net\/nl\/wp-json\/wp\/v2\/comments?post=5"}],"version-history":[{"count":0,"href":"https:\/\/vilarem.net\/nl\/wp-json\/wp\/v2\/pages\/5\/revisions"}],"wp:attachment":[{"href":"https:\/\/vilarem.net\/nl\/wp-json\/wp\/v2\/media?parent=5"}],"curies":[{"name":"wp","href":"https:\/\/api.w.org\/{rel}","templated":true}]}}