{"id":1611,"date":"2021-04-18T23:06:01","date_gmt":"2021-04-18T22:06:01","guid":{"rendered":"https:\/\/vilarem.net\/?page_id=1611"},"modified":"2024-07-06T07:59:39","modified_gmt":"2024-07-06T06:59:39","slug":"mageia","status":"publish","type":"page","link":"https:\/\/vilarem.net\/nl\/mageia\/","title":{"rendered":"Mageia"},"content":{"rendered":"\n<p>Mageia c&#8217;est <span style=\"text-decoration: underline;\">LA<\/span> Distribution Linux Fran\u00e7aise!<\/p>\n\n\n\n<p>MAgeia et l&#8217;h\u00e9riti\u00e8re de l&#8217;histoire qui a commenc\u00e9e avec Mandrake Linux cr\u00e9\u00e9e par Gael DUVAL, et qui s&#8217;est poursuivie avec la p\u00e9riode Mandriva.<\/p>\n\n\n\n<p>Mageia est caract\u00e9ris\u00e9e par le soin qui est mis \u00e0 la rendre &#8220;user friendly&#8221; et par ses qualit\u00e9s techniques qui en font une distribution sure et apte \u00e0 un usage &#8220;business&#8221;.<\/p>\n\n\n\n<p>C&#8217;est aussi une distribution, qui, \u00e0 l&#8217;instar de Debian, est compl\u00e8tement communautaire. Cette caract\u00e9ristique la rend particuli\u00e8rement r\u00e9sistante aux changements de mod\u00e8les \u00e9conomiques que l&#8217;on rencontre chez les \u00e9diteurs logiciels qu&#8217;ils oeuvre dans le domaine opensource ou pas. <\/p>\n\n\n\n<p>Appuy\u00e9e sur le forme d&#8217;empaquetage RPM, Mageia propose ses propres outils d&#8217;installation de paquets (urpmi) et d&#8217;administration (Mageia Control Center).<\/p>\n\n\n\n<p>Pour en apprendre plus :<a href=\"https:\/\/mageia.org\" target=\"_blank\" rel=\"noreferrer noopener\"> https:\/\/mageia.org<\/a><\/p>\n\n\n\n<p><\/p>\n","protected":false},"excerpt":{"rendered":"<p>Mageia c&#8217;est LA Distribution Linux Fran\u00e7aise! MAgeia et l&#8217;h\u00e9riti\u00e8re de l&#8217;histoire qui a commenc\u00e9e avec Mandrake Linux cr\u00e9\u00e9e par Gael DUVAL, et qui s&#8217;est poursuivie avec la p\u00e9riode Mandriva. Mageia est caract\u00e9ris\u00e9e par le soin qui est mis \u00e0 la rendre &#8220;user friendly&#8221; et par ses qualit\u00e9s techniques qui en font une distribution sure et [&hellip;]<\/p>\n","protected":false},"author":2,"featured_media":1612,"parent":0,"menu_order":0,"comment_status":"closed","ping_status":"closed","template":"","meta":{"_uag_custom_page_level_css":"","site-sidebar-layout":"default","site-content-layout":"default","ast-site-content-layout":"default","site-content-style":"default","site-sidebar-style":"default","ast-global-header-display":"","ast-banner-title-visibility":"","ast-main-header-display":"","ast-hfb-above-header-display":"","ast-hfb-below-header-display":"","ast-hfb-mobile-header-display":"","site-post-title":"","ast-breadcrumbs-content":"","ast-featured-img":"","footer-sml-layout":"","ast-disable-related-posts":"","theme-transparent-header-meta":"default","adv-header-id-meta":"","stick-header-meta":"","header-above-stick-meta":"","header-main-stick-meta":"","header-below-stick-meta":"","astra-migrate-meta-layouts":"default","ast-page-background-enabled":"default","ast-page-background-meta":{"desktop":{"background-color":"","background-image":"","background-repeat":"repeat","background-position":"center center","background-size":"auto","background-attachment":"scroll","background-type":"","background-media":"","overlay-type":"","overlay-color":"","overlay-opacity":"","overlay-gradient":""},"tablet":{"background-color":"","background-image":"","background-repeat":"repeat","background-position":"center center","background-size":"auto","background-attachment":"scroll","background-type":"","background-media":"","overlay-type":"","overlay-color":"","overlay-opacity":"","overlay-gradient":""},"mobile":{"background-color":"","background-image":"","background-repeat":"repeat","background-position":"center center","background-size":"auto","background-attachment":"scroll","background-type":"","background-media":"","overlay-type":"","overlay-color":"","overlay-opacity":"","overlay-gradient":""}},"ast-content-background-meta":{"desktop":{"background-color":"var(--ast-global-color-5)","background-image":"","background-repeat":"repeat","background-position":"center center","background-size":"auto","background-attachment":"scroll","background-type":"","background-media":"","overlay-type":"","overlay-color":"","overlay-opacity":"","overlay-gradient":""},"tablet":{"background-color":"var(--ast-global-color-5)","background-image":"","background-repeat":"repeat","background-position":"center center","background-size":"auto","background-attachment":"scroll","background-type":"","background-media":"","overlay-type":"","overlay-color":"","overlay-opacity":"","overlay-gradient":""},"mobile":{"background-color":"var(--ast-global-color-5)","background-image":"","background-repeat":"repeat","background-position":"center center","background-size":"auto","background-attachment":"scroll","background-type":"","background-media":"","overlay-type":"","overlay-color":"","overlay-opacity":"","overlay-gradient":""}},"footnotes":""},"uagb_featured_image_src":{"full":["https:\/\/vilarem.net\/wp-content\/uploads\/2021\/04\/Mageia_Logo.png",816,279,false],"thumbnail":["https:\/\/vilarem.net\/wp-content\/uploads\/2021\/04\/Mageia_Logo-150x150.png",150,150,true],"medium":["https:\/\/vilarem.net\/wp-content\/uploads\/2021\/04\/Mageia_Logo-300x103.png",300,103,true],"medium_large":["https:\/\/vilarem.net\/wp-content\/uploads\/2021\/04\/Mageia_Logo-768x263.png",768,263,true],"large":["https:\/\/vilarem.net\/wp-content\/uploads\/2021\/04\/Mageia_Logo.png",816,279,false],"1536x1536":["https:\/\/vilarem.net\/wp-content\/uploads\/2021\/04\/Mageia_Logo.png",816,279,false],"2048x2048":["https:\/\/vilarem.net\/wp-content\/uploads\/2021\/04\/Mageia_Logo.png",816,279,false]},"uagb_author_info":{"display_name":"Pascal Vilarem","author_link":"https:\/\/vilarem.net\/nl\/author\/pvilarem\/"},"uagb_comment_info":0,"uagb_excerpt":"Mageia c&#8217;est LA Distribution Linux Fran\u00e7aise! MAgeia et l&#8217;h\u00e9riti\u00e8re de l&#8217;histoire qui a commenc\u00e9e avec Mandrake Linux cr\u00e9\u00e9e par Gael DUVAL, et qui s&#8217;est poursuivie avec la p\u00e9riode Mandriva. Mageia est caract\u00e9ris\u00e9e par le soin qui est mis \u00e0 la rendre &#8220;user friendly&#8221; et par ses qualit\u00e9s techniques qui en font une distribution sure et&hellip;","amp_enabled":true,"_links":{"self":[{"href":"https:\/\/vilarem.net\/nl\/wp-json\/wp\/v2\/pages\/1611"}],"collection":[{"href":"https:\/\/vilarem.net\/nl\/wp-json\/wp\/v2\/pages"}],"about":[{"href":"https:\/\/vilarem.net\/nl\/wp-json\/wp\/v2\/types\/page"}],"author":[{"embeddable":true,"href":"https:\/\/vilarem.net\/nl\/wp-json\/wp\/v2\/users\/2"}],"replies":[{"embeddable":true,"href":"https:\/\/vilarem.net\/nl\/wp-json\/wp\/v2\/comments?post=1611"}],"version-history":[{"count":0,"href":"https:\/\/vilarem.net\/nl\/wp-json\/wp\/v2\/pages\/1611\/revisions"}],"wp:featuredmedia":[{"embeddable":true,"href":"https:\/\/vilarem.net\/nl\/wp-json\/wp\/v2\/media\/1612"}],"wp:attachment":[{"href":"https:\/\/vilarem.net\/nl\/wp-json\/wp\/v2\/media?parent=1611"}],"curies":[{"name":"wp","href":"https:\/\/api.w.org\/{rel}","templated":true}]}}