{"id":14,"date":"2019-03-26T14:52:25","date_gmt":"2019-03-26T14:52:25","guid":{"rendered":"https:\/\/vilarem.net\/?page_id=14"},"modified":"2024-07-06T08:00:01","modified_gmt":"2024-07-06T07:00:01","slug":"parler-en-public","status":"publish","type":"page","link":"https:\/\/vilarem.net\/nl\/toastmasters\/parler-en-public\/","title":{"rendered":"D\u00e9couvrir la prise de parole en public"},"content":{"rendered":"\n<p>L&#8217;art oratoire, ou celui de parler en public est aussi ancien que l&#8217;histoire. On en trouve les traces jusqu&#8217;en Gr\u00e8ce, \u00e0 l&#8217;\u00e9poque o\u00f9 elle fut le berceau de la d\u00e9mocratie.<\/p>\n\n\n\n<div class=\"wp-block-uagb-blockquote uagb-blockquote__outer-wrap uagb-block-b396cf08\"><div class=\"uagb-blockquote__wrap uagb-blockquote__skin-border uagb-blockquote__with-tweet uagb-blockquote__tweet-style-classic uagb-blockquote__tweet-icon_text uagb-blockquote__stack-img-none\"><blockquote class=\"uagb-blockquote\"><div class=\"uagb-blockquote__content-wrap\"><div class=\"uagb-blockquote__content\">Il n&#8217;y a que deux types d&#8217;orateurs dans le monde. 1. Ceux qui sont mal \u00e0 l&#8217;aise et 2. les menteurs.<\/div><footer><div class=\"uagb-blockquote__author-wrap uagb-blockquote__author-at-left\"><cite class=\"uagb-blockquote__author\"><strong>Mark Twain<\/strong><\/cite><\/div><a href=\"\/\" class=\"uagb-blockquote__tweet-button\" target=\"_blank\" rel=\"noopener noreferrer\"><svg width=\"20\" height=\"20\" viewbox=\"0 0 512 512\"><path d=\"M459.37 151.716c.325 4.548.325 9.097.325 13.645 0 138.72-105.583 298.558-298.558 298.558-59.452 0-114.68-17.219-161.137-47.106 8.447.974 16.568 1.299 25.34 1.299 49.055 0 94.213-16.568 130.274-44.832-46.132-.975-84.792-31.188-98.112-72.772 6.498.974 12.995 1.624 19.818 1.624 9.421 0 18.843-1.3 27.614-3.573-48.081-9.747-84.143-51.98-84.143-102.985v-1.299c13.969 7.797 30.214 12.67 47.431 13.319-28.264-18.843-46.781-51.005-46.781-87.391 0-19.492 5.197-37.36 14.294-52.954 51.655 63.675 129.3 105.258 216.365 109.807-1.624-7.797-2.599-15.918-2.599-24.04 0-57.828 46.782-104.934 104.934-104.934 30.213 0 57.502 12.67 76.67 33.137 23.715-4.548 46.456-13.32 66.599-25.34-7.798 24.366-24.366 44.833-46.132 57.827 21.117-2.273 41.584-8.122 60.426-16.243-14.292 20.791-32.161 39.308-52.628 54.253z\"><\/path><\/svg><span class=\"uagb-blockquote__tweet-label\">Tweet<\/span><\/a><\/footer><\/div><\/blockquote><\/div><\/div>\n\n\n\n<p>Cet &#8220;art&#8221; ou cette pratique remonte \u00e0 loin dans l&#8217;histoire humaine, pour autant il n&#8217;est rien de plus actuel et moderne. Parler en r\u00e9union devant des coll\u00e8gues pour faire le bilan de son activit\u00e9 r\u00e9cente ou pour d\u00e9fendre une proposition, porter un toast en famille, apporter sa contribution au d\u00e9bat lors d&#8217;une r\u00e9union associative, r\u00e9ussir une interview&#8230; <\/p>\n\n\n\n<p>Les occasions sont innombrables et parfois les enjeux tr\u00e8s importants. Et nous sommes tous dans la difficult\u00e9 face \u00e0 cet exercice. Plus ou moins en difficult\u00e9 et plus ou moins capables de donner le change. Mais dans la difficult\u00e9.<\/p>\n\n\n\n<p><a href=\"https:\/\/toastmasters.org\" target=\"_blank\" rel=\"noreferrer noopener\" title=\"https:\/\/toastmasters.org\">Toastmasters<\/a>, que j&#8217;ai d\u00e9couvert tardivement en 2014, permet de s&#8217;exercer \u00e0 la prise de parole en public, de progresser \u00e0 la fois gr\u00e2ce aux parcours \u00e9ducatifs &#8220;Pathways&#8221; mis au point et propos\u00e9s par Toastmasters International et aux interactions avec les autres. Voir de meilleurs que soi faire, les imiter ou s&#8217;en inspirer, voir de moins bons que soi s&#8217;essayer \u00e0 l&#8217;exercice, mesurer le chemin parcouru, les aider \u00e0 progresser et progresser soi-m\u00eame en le faisant.<\/p>\n\n\n\n<p>C&#8217;est \u00e7a l&#8217;exp\u00e9rience Toastmasters&#8230; ou en tout cas le d\u00e9but de l&#8217;exp\u00e9rience.<\/p>\n\n\n\n<p>On d\u00e9couvre assez vite que l&#8217;univers Toastmasters est baign\u00e9 de la notion de &#8220;leadership&#8221; et on r\u00e9alise assez vite que les deux notions sont intimement li\u00e9es.<\/p>\n\n\n\n<p>Quand on souhaite parler en public, \u00e7a n&#8217;est jamais pour expliquer avec brio que l&#8217;on a rien \u00e0 dire. Quand on parle devant un public, c&#8217;est pour apporter quelque chose&#8230; de l&#8217;amusement, des id\u00e9es, des prises de conscience, des envies de changement&#8230;<\/p>\n\n\n\n<p>La prise de parole a forc\u00e9ment une motivation (consciente ou non). L&#8217;envie d&#8217;avoir un impact (petit ou grand peu importe) sur le monde. L&#8217;envie de provoquer quelque chose, d&#8217;induire un changement, de faire \u00e9voluer un peu le monde qui nous entoure.<\/p>\n\n\n\n<p>Et cette capacit\u00e9 d&#8217;influer (m\u00eame un peu) sur le monde et les gens qui nous entourent, c&#8217;est ce que j&#8217;ai pu trouver de plus parlant pour d\u00e9crire la notion de leadership.<\/p>\n\n\n\n<p>Un entrepreneur qui lance une startup pour r\u00e9duire le r\u00e9chauffement climatique et un leader, mais un conteur qui aide son auditoire \u00e0 s&#8217;\u00e9vader est aussi un leader, un ami qui avec ses mots all\u00e8ge votre peine est \u00e9galement un leader, des parents qui inspirent leurs enfants et leur donnent des valeurs humaines ou un enseignant qui communique l&#8217;envie d&#8217;apprendre et de progresser sont tout autant des leaders.<\/p>\n\n\n\n<p>Et notre monde a plus que jamais besoin de leaders et d&#8217;orateurs pour inspirer le changement&#8230;<\/p>\n","protected":false},"excerpt":{"rendered":"<p>L&#8217;art oratoire, ou celui de parler en public est aussi ancien que l&#8217;histoire. On en trouve les traces jusqu&#8217;en Gr\u00e8ce, \u00e0 l&#8217;\u00e9poque o\u00f9 elle fut le berceau de la d\u00e9mocratie. Cet &#8220;art&#8221; ou cette pratique remonte \u00e0 loin dans l&#8217;histoire humaine, pour autant il n&#8217;est rien de plus actuel et moderne. Parler en r\u00e9union devant [&hellip;]<\/p>\n","protected":false},"author":2,"featured_media":0,"parent":8,"menu_order":19,"comment_status":"closed","ping_status":"closed","template":"","meta":{"_uag_custom_page_level_css":"","site-sidebar-layout":"default","site-content-layout":"","ast-site-content-layout":"default","site-content-style":"default","site-sidebar-style":"default","ast-global-header-display":"","ast-banner-title-visibility":"","ast-main-header-display":"","ast-hfb-above-header-display":"","ast-hfb-below-header-display":"","ast-hfb-mobile-header-display":"","site-post-title":"","ast-breadcrumbs-content":"","ast-featured-img":"","footer-sml-layout":"","ast-disable-related-posts":"","theme-transparent-header-meta":"","adv-header-id-meta":"","stick-header-meta":"","header-above-stick-meta":"","header-main-stick-meta":"","header-below-stick-meta":"","astra-migrate-meta-layouts":"default","ast-page-background-enabled":"default","ast-page-background-meta":{"desktop":{"background-color":"","background-image":"","background-repeat":"repeat","background-position":"center center","background-size":"auto","background-attachment":"scroll","background-type":"","background-media":"","overlay-type":"","overlay-color":"","overlay-opacity":"","overlay-gradient":""},"tablet":{"background-color":"","background-image":"","background-repeat":"repeat","background-position":"center center","background-size":"auto","background-attachment":"scroll","background-type":"","background-media":"","overlay-type":"","overlay-color":"","overlay-opacity":"","overlay-gradient":""},"mobile":{"background-color":"","background-image":"","background-repeat":"repeat","background-position":"center center","background-size":"auto","background-attachment":"scroll","background-type":"","background-media":"","overlay-type":"","overlay-color":"","overlay-opacity":"","overlay-gradient":""}},"ast-content-background-meta":{"desktop":{"background-color":"var(--ast-global-color-5)","background-image":"","background-repeat":"repeat","background-position":"center center","background-size":"auto","background-attachment":"scroll","background-type":"","background-media":"","overlay-type":"","overlay-color":"","overlay-opacity":"","overlay-gradient":""},"tablet":{"background-color":"var(--ast-global-color-5)","background-image":"","background-repeat":"repeat","background-position":"center center","background-size":"auto","background-attachment":"scroll","background-type":"","background-media":"","overlay-type":"","overlay-color":"","overlay-opacity":"","overlay-gradient":""},"mobile":{"background-color":"var(--ast-global-color-5)","background-image":"","background-repeat":"repeat","background-position":"center center","background-size":"auto","background-attachment":"scroll","background-type":"","background-media":"","overlay-type":"","overlay-color":"","overlay-opacity":"","overlay-gradient":""}},"footnotes":""},"uagb_featured_image_src":{"full":false,"thumbnail":false,"medium":false,"medium_large":false,"large":false,"1536x1536":false,"2048x2048":false},"uagb_author_info":{"display_name":"Pascal Vilarem","author_link":"https:\/\/vilarem.net\/nl\/author\/pvilarem\/"},"uagb_comment_info":0,"uagb_excerpt":"L&#8217;art oratoire, ou celui de parler en public est aussi ancien que l&#8217;histoire. On en trouve les traces jusqu&#8217;en Gr\u00e8ce, \u00e0 l&#8217;\u00e9poque o\u00f9 elle fut le berceau de la d\u00e9mocratie. Cet &#8220;art&#8221; ou cette pratique remonte \u00e0 loin dans l&#8217;histoire humaine, pour autant il n&#8217;est rien de plus actuel et moderne. Parler en r\u00e9union devant&hellip;","amp_enabled":true,"_links":{"self":[{"href":"https:\/\/vilarem.net\/nl\/wp-json\/wp\/v2\/pages\/14"}],"collection":[{"href":"https:\/\/vilarem.net\/nl\/wp-json\/wp\/v2\/pages"}],"about":[{"href":"https:\/\/vilarem.net\/nl\/wp-json\/wp\/v2\/types\/page"}],"author":[{"embeddable":true,"href":"https:\/\/vilarem.net\/nl\/wp-json\/wp\/v2\/users\/2"}],"replies":[{"embeddable":true,"href":"https:\/\/vilarem.net\/nl\/wp-json\/wp\/v2\/comments?post=14"}],"version-history":[{"count":0,"href":"https:\/\/vilarem.net\/nl\/wp-json\/wp\/v2\/pages\/14\/revisions"}],"up":[{"embeddable":true,"href":"https:\/\/vilarem.net\/nl\/wp-json\/wp\/v2\/pages\/8"}],"wp:attachment":[{"href":"https:\/\/vilarem.net\/nl\/wp-json\/wp\/v2\/media?parent=14"}],"curies":[{"name":"wp","href":"https:\/\/api.w.org\/{rel}","templated":true}]}}