{"id":264,"date":"2021-04-11T17:55:12","date_gmt":"2021-04-11T16:55:12","guid":{"rendered":"https:\/\/vilarem.net\/?page_id=264"},"modified":"2024-07-06T07:59:42","modified_gmt":"2024-07-06T06:59:42","slug":"accueil","status":"publish","type":"page","link":"https:\/\/vilarem.net\/en\/","title":{"rendered":"Home"},"content":{"rendered":"\n<div class=\"wp-block-cover alignfull has-background-dim-20 has-background-dim has-background-gradient has-custom-content-position is-position-bottom-center\" style=\"min-height:350px;aspect-ratio:unset;\"><span aria-hidden=\"true\" class=\"wp-block-cover__gradient-background\" style=\"background:linear-gradient(180deg,rgb(231,225,209) 0%,rgb(47,26,224) 100%)\"><\/span><img decoding=\"async\" class=\"wp-block-cover__image-background wp-image-24\" alt=\"\" src=\"https:\/\/vilarem.net\/wp-content\/uploads\/2019\/03\/port-of-marseille-at-dusk-header-1.jpg\" data-object-fit=\"cover\"\/><div class=\"wp-block-cover__inner-container is-layout-flow wp-block-cover-is-layout-flow\">\n<div class=\"wp-block-group alignwide\"><div class=\"wp-block-group__inner-container is-layout-flow wp-block-group-is-layout-flow\">\n<h1 class=\"has-text-align-left has-white-color has-text-color wp-block-heading\">Tech &#038; lead.<\/h1>\n\n\n\n<h3 class=\"has-text-align-left has-white-color has-text-color wp-block-heading\">Technology can serve leadership but, more important, technology needs leadership and vision to serve for&nbsp;the&nbsp;good of Humanity.&nbsp;.<\/h3>\n\n\n\n<div class=\"wp-block-buttons is-layout-flex wp-block-buttons-is-layout-flex\">\n<div class=\"wp-block-button\"><a class=\"wp-block-button__link has-vivid-cyan-blue-background-color has-background\" href=\"https:\/\/vilarem.net\/en\/tag\/prm-campaign-2021\/\" target=\"_blank\" rel=\"noreferrer noopener\"><strong>NEW<\/strong><br><strong><br>District PRM <br>2021 elections<\/strong><\/a><\/div>\n<\/div>\n<\/div><\/div>\n<\/div><\/div>\n\n\n\n<div class=\"wp-block-group alignfull has-white-background-color has-background\"><div class=\"wp-block-group__inner-container is-layout-flow wp-block-group-is-layout-flow\">\n<h2 class=\"alignwide has-text-align-left wp-block-heading\">Tech &#038; lead themes<\/h2>\n\n\n\n<div class=\"wp-block-columns alignwide are-vertically-aligned-top is-layout-flex wp-container-core-columns-is-layout-1 wp-block-columns-is-layout-flex\">\n<div class=\"wp-block-column is-vertically-aligned-top is-layout-flow wp-block-column-is-layout-flow\">\n<div class=\"wp-block-group has-vivid-cyan-blue-background-color has-background\"><div class=\"wp-block-group__inner-container is-layout-flow wp-block-group-is-layout-flow\">\n<h2 class=\"has-white-color has-text-color wp-block-heading\">Leadership &#038; Public speaking<\/h2>\n\n\n\n<p class=\"has-white-color has-text-color\">Learn more about my speaker &#038; leader journey with Toastmasters.<br><br><\/p>\n\n\n\n<div class=\"wp-block-buttons is-layout-flex wp-block-buttons-is-layout-flex\">\n<div class=\"wp-block-button is-style-fill\"><a class=\"wp-block-button__link has-black-color has-white-background-color has-text-color has-background\" href=\"https:\/\/vilarem.net\/en\/toastmasters\/parler-en-public\/\" rel=\"#\">Read More<\/a><\/div>\n<\/div>\n<\/div><\/div>\n<\/div>\n\n\n\n<div class=\"wp-block-column is-vertically-aligned-top is-layout-flow wp-block-column-is-layout-flow\">\n<div class=\"wp-block-group has-vivid-cyan-blue-background-color has-background\"><div class=\"wp-block-group__inner-container is-layout-flow wp-block-group-is-layout-flow\">\n<h2 class=\"has-white-color has-text-color wp-block-heading\">Mageia Linux<\/h2>\n\n\n\n<p class=\"has-white-color has-text-color\">Mandrake linux, then Mandriva and now Mageia. Learn more about the Community Driven RPM Linux distribution both user friendly and ready for business.<\/p>\n\n\n\n<div class=\"wp-block-buttons is-layout-flex wp-block-buttons-is-layout-flex\">\n<div class=\"wp-block-button is-style-fill\"><a class=\"wp-block-button__link has-black-color has-white-background-color has-text-color has-background\" href=\"https:\/\/vilarem.net\/mageia\" rel=\"#\">Read More<\/a><\/div>\n<\/div>\n<\/div><\/div>\n<\/div>\n\n\n\n<div class=\"wp-block-column is-vertically-aligned-top is-layout-flow wp-block-column-is-layout-flow\">\n<div class=\"wp-block-group has-vivid-cyan-blue-background-color has-background\"><div class=\"wp-block-group__inner-container is-layout-flow wp-block-group-is-layout-flow\">\n<h2 class=\"has-white-color has-text-color wp-block-heading\">Opensource &#038; free software<\/h2>\n\n\n\n<p class=\"has-white-color has-text-color\">Opensource &#038; free software are everywhere from your android mobile to the International Space Station .<\/p>\n\n\n\n<div class=\"wp-block-buttons is-layout-flex wp-block-buttons-is-layout-flex\">\n<div class=\"wp-block-button is-style-fill\"><a class=\"wp-block-button__link has-black-color has-white-background-color has-text-color has-background\" rel=\"#\">Read More<\/a><\/div>\n<\/div>\n<\/div><\/div>\n<\/div>\n<\/div>\n<\/div><\/div>\n\n\n\n<div class=\"wp-block-group alignfull has-white-background-color has-background\"><div class=\"wp-block-group__inner-container\"><div class=\"wp-block-group__inner-container is-layout-flow wp-block-group-is-layout-flow\">\n<h2 class=\"wp-block-heading\">Posts<\/h2>\n\n\n\n\t\t\t<div class=\"wp-block-uagb-post-carousel uagb-post-grid  uagb-post__image-position-top uagb-post__image-enabled uagb-block-4a93da11     uagb-post__arrow-outside uagb-slick-carousel uagb-post__items uagb-post__columns-2 is-carousel uagb-post__columns-tablet-2 uagb-post__columns-mobile-1 uagb-post__carousel_equal-height\" data-total=\"3\" style=\"\">\n\n\t\t\t\t\t\t\t\t\t\t\t\t<article class=\"uagb-post__inner-wrap\">\t\t\t\t\t\t\t\t<div class='uagb-post__image'>\n\t\t\t\t\t\t\t\t\t<a href=\"https:\/\/vilarem.net\/en\/2024\/07\/re\/\" target=\"_self\" rel=\"bookmark noopener noreferrer\"><img decoding=\"async\" width=\"1024\" height=\"682\" src=\"https:\/\/vilarem.net\/wp-content\/uploads\/2024\/06\/hemicycle-vide-1024x682.jpg\" class=\"attachment-large size-large\" alt=\"H\u00e9micycle de l&#039;AN\" srcset=\"https:\/\/vilarem.net\/wp-content\/uploads\/2024\/06\/hemicycle-vide-1024x682.jpg 1024w, https:\/\/vilarem.net\/wp-content\/uploads\/2024\/06\/hemicycle-vide-300x200.jpg 300w, https:\/\/vilarem.net\/wp-content\/uploads\/2024\/06\/hemicycle-vide-768x511.jpg 768w, https:\/\/vilarem.net\/wp-content\/uploads\/2024\/06\/hemicycle-vide.jpg 1280w\" sizes=\"(max-width: 1024px) 100vw, 1024px\" \/>\t\t\t\t\t<\/a>\n\t\t\t\t\t\t\t\t\t<\/div>\n\t\t\t\t\t\t<h4 class=\"uagb-post__title uagb-post__text\">\n\t\t\t\t<a href=\"https:\/\/vilarem.net\/en\/2024\/07\/re\/\" target=\"_self\" rel=\"bookmark noopener noreferrer\">R\u00e9diger une constitution ?<\/a>\n\t\t\t<\/h4>\n\t\t\t\t\t\t<div class='uagb-post__text uagb-post-grid-byline'>\n\t\t\t\t\t\t\t\t<time datetime=\"2024-07-20T22:36:54+01:00\" class=\"uagb-post__date\">\n\t\t\t\t<span class=\"dashicons-calendar dashicons\"><\/span>\t\t\t\t\t07\/20\/2024\t\t\t\t<\/time>\n\t\t\t\t\t\t\t<span class=\"uagb-post__comment\">\n\t\t\t\t<span class=\"dashicons-admin-comments dashicons\"><\/span>\t\t\t\t\tNo Comments\t\t\t\t<\/span>\n\t\t\t\t\t\t<\/div>\n\t\t\t\t\t\t\t<div class='uagb-post__text uagb-post__excerpt'>\n\t\t\t\t\t<p>Apr\u00e8s la lecture critique de la Constitution, je tire quelques r\u00e8gles potentielles puis j&#8217;\u00e9largis \u00e0&#8230;\t\t\t\t<\/div>\n\t\t\t\t\t\t<div class=\"uagb-post__text uagb-post__cta wp-block-button\">\n\t\t\t\t<a class=\"wp-block-button__link uagb-text-link\" style=\"\" href=\"https:\/\/vilarem.net\/en\/2024\/07\/re\/\" target=\"_self\" rel=\"bookmark noopener noreferrer\">Read More<\/a>\n\t\t\t<\/div>\n\t\t\t\n\t\t\t\t\t\t\t\t\t<\/article>\n\t\t\t\t\t\t\t\t\t\t\t\t\t\t\t\t<article class=\"uagb-post__inner-wrap\">\t\t\t\t\t\t\t\t<div class='uagb-post__image'>\n\t\t\t\t\t\t\t\t\t<a href=\"https:\/\/vilarem.net\/en\/2024\/06\/analyse-critique-de-la-constitution\/\" target=\"_self\" rel=\"bookmark noopener noreferrer\"><img decoding=\"async\" width=\"1024\" height=\"682\" src=\"https:\/\/vilarem.net\/wp-content\/uploads\/2024\/06\/hemicycle-vide-1024x682.jpg\" class=\"attachment-large size-large\" alt=\"H\u00e9micycle de l&#039;AN\" srcset=\"https:\/\/vilarem.net\/wp-content\/uploads\/2024\/06\/hemicycle-vide-1024x682.jpg 1024w, https:\/\/vilarem.net\/wp-content\/uploads\/2024\/06\/hemicycle-vide-300x200.jpg 300w, https:\/\/vilarem.net\/wp-content\/uploads\/2024\/06\/hemicycle-vide-768x511.jpg 768w, https:\/\/vilarem.net\/wp-content\/uploads\/2024\/06\/hemicycle-vide.jpg 1280w\" sizes=\"(max-width: 1024px) 100vw, 1024px\" \/>\t\t\t\t\t<\/a>\n\t\t\t\t\t\t\t\t\t<\/div>\n\t\t\t\t\t\t<h4 class=\"uagb-post__title uagb-post__text\">\n\t\t\t\t<a href=\"https:\/\/vilarem.net\/en\/2024\/06\/analyse-critique-de-la-constitution\/\" target=\"_self\" rel=\"bookmark noopener noreferrer\">Analyse critique de la constitution<\/a>\n\t\t\t<\/h4>\n\t\t\t\t\t\t<div class='uagb-post__text uagb-post-grid-byline'>\n\t\t\t\t\t\t\t\t<time datetime=\"2024-06-30T20:41:08+01:00\" class=\"uagb-post__date\">\n\t\t\t\t<span class=\"dashicons-calendar dashicons\"><\/span>\t\t\t\t\t06\/30\/2024\t\t\t\t<\/time>\n\t\t\t\t\t\t\t<span class=\"uagb-post__comment\">\n\t\t\t\t<span class=\"dashicons-admin-comments dashicons\"><\/span>\t\t\t\t\tNo Comments\t\t\t\t<\/span>\n\t\t\t\t\t\t<\/div>\n\t\t\t\t\t\t\t<div class='uagb-post__text uagb-post__excerpt'>\n\t\t\t\t\t<p>Introduction Et si je faisais l&#8217;exercice de regarder la constitution avec l&#8217;oeil de quelqu&#8217;un qui&#8230;\t\t\t\t<\/div>\n\t\t\t\t\t\t<div class=\"uagb-post__text uagb-post__cta wp-block-button\">\n\t\t\t\t<a class=\"wp-block-button__link uagb-text-link\" style=\"\" href=\"https:\/\/vilarem.net\/en\/2024\/06\/analyse-critique-de-la-constitution\/\" target=\"_self\" rel=\"bookmark noopener noreferrer\">Read More<\/a>\n\t\t\t<\/div>\n\t\t\t\n\t\t\t\t\t\t\t\t\t<\/article>\n\t\t\t\t\t\t\t\t\t\t\t\t\t\t\t\t<article class=\"uagb-post__inner-wrap\">\t\t\t\t\t\t\t\t<div class='uagb-post__image'>\n\t\t\t\t\t\t\t\t\t<a href=\"https:\/\/vilarem.net\/en\/2023\/03\/taux-de-legitimite\/\" target=\"_self\" rel=\"bookmark noopener noreferrer\"><img decoding=\"async\" width=\"1024\" height=\"682\" src=\"https:\/\/vilarem.net\/wp-content\/uploads\/2024\/06\/hemicycle-vide-1024x682.jpg\" class=\"attachment-large size-large\" alt=\"H\u00e9micycle de l&#039;AN\" srcset=\"https:\/\/vilarem.net\/wp-content\/uploads\/2024\/06\/hemicycle-vide-1024x682.jpg 1024w, https:\/\/vilarem.net\/wp-content\/uploads\/2024\/06\/hemicycle-vide-300x200.jpg 300w, https:\/\/vilarem.net\/wp-content\/uploads\/2024\/06\/hemicycle-vide-768x511.jpg 768w, https:\/\/vilarem.net\/wp-content\/uploads\/2024\/06\/hemicycle-vide.jpg 1280w\" sizes=\"(max-width: 1024px) 100vw, 1024px\" \/>\t\t\t\t\t<\/a>\n\t\t\t\t\t\t\t\t\t<\/div>\n\t\t\t\t\t\t<h4 class=\"uagb-post__title uagb-post__text\">\n\t\t\t\t<a href=\"https:\/\/vilarem.net\/en\/2023\/03\/taux-de-legitimite\/\" target=\"_self\" rel=\"bookmark noopener noreferrer\">\u00c9lections et d\u00e9mocratie : le taux de l\u00e9gitimit\u00e9<\/a>\n\t\t\t<\/h4>\n\t\t\t\t\t\t<div class='uagb-post__text uagb-post-grid-byline'>\n\t\t\t\t\t\t\t\t<time datetime=\"2023-03-21T21:14:12+01:00\" class=\"uagb-post__date\">\n\t\t\t\t<span class=\"dashicons-calendar dashicons\"><\/span>\t\t\t\t\t03\/21\/2023\t\t\t\t<\/time>\n\t\t\t\t\t\t\t<span class=\"uagb-post__comment\">\n\t\t\t\t<span class=\"dashicons-admin-comments dashicons\"><\/span>\t\t\t\t\tNo Comments\t\t\t\t<\/span>\n\t\t\t\t\t\t<\/div>\n\t\t\t\t\t\t\t<div class='uagb-post__text uagb-post__excerpt'>\n\t\t\t\t\t<p>Imaginez un bateau, un gros bateau du genre navire de croisi\u00e8re croisi\u00e8re&#8230; Imaginez maintenant au&#8230;\t\t\t\t<\/div>\n\t\t\t\t\t\t<div class=\"uagb-post__text uagb-post__cta wp-block-button\">\n\t\t\t\t<a class=\"wp-block-button__link uagb-text-link\" style=\"\" href=\"https:\/\/vilarem.net\/en\/2023\/03\/taux-de-legitimite\/\" target=\"_self\" rel=\"bookmark noopener noreferrer\">Read More<\/a>\n\t\t\t<\/div>\n\t\t\t\n\t\t\t\t\t\t\t\t\t<\/article>\n\t\t\t\t\t\t\t\t\t\t\t\t\t\t\t\t<article class=\"uagb-post__inner-wrap\">\t\t\t\t\t\t\t\t<h4 class=\"uagb-post__title uagb-post__text\">\n\t\t\t\t<a href=\"https:\/\/vilarem.net\/en\/2021\/08\/le-passe-sanitaire\/\" target=\"_self\" rel=\"bookmark noopener noreferrer\">COVID 19 : Le &#8220;passe sanitaire&#8221;<\/a>\n\t\t\t<\/h4>\n\t\t\t\t\t\t<div class='uagb-post__text uagb-post-grid-byline'>\n\t\t\t\t\t\t\t\t<time datetime=\"2021-08-06T16:38:36+01:00\" class=\"uagb-post__date\">\n\t\t\t\t<span class=\"dashicons-calendar dashicons\"><\/span>\t\t\t\t\t08\/06\/2021\t\t\t\t<\/time>\n\t\t\t\t\t\t\t<span class=\"uagb-post__comment\">\n\t\t\t\t<span class=\"dashicons-admin-comments dashicons\"><\/span>\t\t\t\t\tNo Comments\t\t\t\t<\/span>\n\t\t\t\t\t\t<\/div>\n\t\t\t\t\t\t\t<div class='uagb-post__text uagb-post__excerpt'>\n\t\t\t\t\t<p>Article pr\u00e9c\u00e9dent : le vaccin ARN \u00c7a ne va pas \u00eatre facile&#8230; et la pression&#8230;\t\t\t\t<\/div>\n\t\t\t\t\t\t<div class=\"uagb-post__text uagb-post__cta wp-block-button\">\n\t\t\t\t<a class=\"wp-block-button__link uagb-text-link\" style=\"\" href=\"https:\/\/vilarem.net\/en\/2021\/08\/le-passe-sanitaire\/\" target=\"_self\" rel=\"bookmark noopener noreferrer\">Read More<\/a>\n\t\t\t<\/div>\n\t\t\t\n\t\t\t\t\t\t\t\t\t<\/article>\n\t\t\t\t\t\t\t\t\t\t\t\t\t\t\t\t<article class=\"uagb-post__inner-wrap\">\t\t\t\t\t\t\t\t<h4 class=\"uagb-post__title uagb-post__text\">\n\t\t\t\t<a href=\"https:\/\/vilarem.net\/en\/2021\/08\/le-vaccin-arn\/\" target=\"_self\" rel=\"bookmark noopener noreferrer\">COVID 19 : Le vaccin &#8220;ARN&#8221;<\/a>\n\t\t\t<\/h4>\n\t\t\t\t\t\t<div class='uagb-post__text uagb-post-grid-byline'>\n\t\t\t\t\t\t\t\t<time datetime=\"2021-08-06T15:59:10+01:00\" class=\"uagb-post__date\">\n\t\t\t\t<span class=\"dashicons-calendar dashicons\"><\/span>\t\t\t\t\t08\/06\/2021\t\t\t\t<\/time>\n\t\t\t\t\t\t\t<span class=\"uagb-post__comment\">\n\t\t\t\t<span class=\"dashicons-admin-comments dashicons\"><\/span>\t\t\t\t\tNo Comments\t\t\t\t<\/span>\n\t\t\t\t\t\t<\/div>\n\t\t\t\t\t\t\t<div class='uagb-post__text uagb-post__excerpt'>\n\t\t\t\t\t<p>Article pr\u00e9c\u00e9dent : le virus et la maladie Mon beau fr\u00e8re m&#8217;a fait r\u00e9cemment la&#8230;\t\t\t\t<\/div>\n\t\t\t\t\t\t<div class=\"uagb-post__text uagb-post__cta wp-block-button\">\n\t\t\t\t<a class=\"wp-block-button__link uagb-text-link\" style=\"\" href=\"https:\/\/vilarem.net\/en\/2021\/08\/le-vaccin-arn\/\" target=\"_self\" rel=\"bookmark noopener noreferrer\">Read More<\/a>\n\t\t\t<\/div>\n\t\t\t\n\t\t\t\t\t\t\t\t\t<\/article>\n\t\t\t\t\t\t\t\t\t\t\t\t\t\t\t\t<article class=\"uagb-post__inner-wrap\">\t\t\t\t\t\t\t\t<h4 class=\"uagb-post__title uagb-post__text\">\n\t\t\t\t<a href=\"https:\/\/vilarem.net\/en\/2021\/08\/le-virus-et-la-maladie\/\" target=\"_self\" rel=\"bookmark noopener noreferrer\">COVID 19 : Le virus et la maladie<\/a>\n\t\t\t<\/h4>\n\t\t\t\t\t\t<div class='uagb-post__text uagb-post-grid-byline'>\n\t\t\t\t\t\t\t\t<time datetime=\"2021-08-06T15:53:42+01:00\" class=\"uagb-post__date\">\n\t\t\t\t<span class=\"dashicons-calendar dashicons\"><\/span>\t\t\t\t\t08\/06\/2021\t\t\t\t<\/time>\n\t\t\t\t\t\t\t<span class=\"uagb-post__comment\">\n\t\t\t\t<span class=\"dashicons-admin-comments dashicons\"><\/span>\t\t\t\t\tNo Comments\t\t\t\t<\/span>\n\t\t\t\t\t\t<\/div>\n\t\t\t\t\t\t\t<div class='uagb-post__text uagb-post__excerpt'>\n\t\t\t\t\t<p>Article pr\u00e9c\u00e9dent : une \u00e9poque \u00e9tonnante Au fait de quoi parle-t-on ? Pr\u00e9cis\u00e9ment je veux&#8230;\t\t\t\t<\/div>\n\t\t\t\t\t\t<div class=\"uagb-post__text uagb-post__cta wp-block-button\">\n\t\t\t\t<a class=\"wp-block-button__link uagb-text-link\" style=\"\" href=\"https:\/\/vilarem.net\/en\/2021\/08\/le-virus-et-la-maladie\/\" target=\"_self\" rel=\"bookmark noopener noreferrer\">Read More<\/a>\n\t\t\t<\/div>\n\t\t\t\n\t\t\t\t\t\t\t\t\t<\/article>\n\t\t\t\t\t\t\t\t\t\t\t<\/div>\n\t\t\t<\/div><\/div><\/div>\n\n\n\n<div class=\"wp-block-group alignfull has-background\" style=\"background-color:#fbf8f9\"><div class=\"wp-block-group__inner-container is-layout-flow wp-block-group-is-layout-flow\">\n<div class=\"wp-block-media-text alignwide has-media-on-the-right is-vertically-aligned-center is-image-fill is-stacked-on-mobile\"><figure class=\"wp-block-media-text__media\" style=\"background-image:url(https:\/\/vilarem.net\/wp-content\/uploads\/2021\/04\/IMG_0985-002_480.jpg);background-position:50% 50%\"><img decoding=\"async\" width=\"480\" height=\"720\" src=\"https:\/\/vilarem.net\/wp-content\/uploads\/2021\/04\/IMG_0985-002_480.jpg\" alt=\"\" class=\"wp-image-1360 size-full\" srcset=\"https:\/\/vilarem.net\/wp-content\/uploads\/2021\/04\/IMG_0985-002_480.jpg 480w, https:\/\/vilarem.net\/wp-content\/uploads\/2021\/04\/IMG_0985-002_480-200x300.jpg 200w\" sizes=\"(max-width: 480px) 100vw, 480px\" \/><\/figure><div class=\"wp-block-media-text__content\">\n<div class=\"wp-block-group has-white-background-color has-background\"><div class=\"wp-block-group__inner-container is-layout-flow wp-block-group-is-layout-flow\">\n<h2 class=\"wp-block-heading\">My Story<\/h2>\n\n\n\n<p>I&#8217;m a french engineer working in Opensource and Free Software field and, passionate about leadership and public speaking, Mageia Linux and Opensource Software.<\/p>\n\n\n\n<p>As a Toastmasters I have played a lot of roles : Club VPE, Club President, Area Director, Dvision Director, Parliamentarian, District Conference Chair, District Administration Manager, District IT Manager.<\/p>\n\n\n\n<p>As a contributor for Mageia Linux I have played severa roles : 1st Forum Team Leader, System Administrators Team Leader, and lastly Treasurer of the official Mageia Not-for-profit organisation.<\/p>\n\n\n\n<p>As an manager and IT expert in my company I  support and coordinate our teams of experts. We help big customers to achieve huge websites projects or implement new digital strategies&#8230;<\/p>\n\n\n\n<p>I&#8217;m passionate about a lot more things but that would need a full story to tell..<\/p>\n\n\n\n<div class=\"wp-block-buttons is-layout-flex wp-block-buttons-is-layout-flex\">\n<div class=\"wp-block-button\"><a class=\"wp-block-button__link has-vivid-cyan-blue-background-color has-background\" rel=\"#\">Read Full Story<\/a><\/div>\n<\/div>\n<\/div><\/div>\n<\/div><\/div>\n\n\n\n<div class=\"wp-block-group is-layout-flow wp-block-group-is-layout-flow\"><div class=\"wp-block-group__inner-container\"><\/div><\/div>\n<\/div><\/div>\n","protected":false},"excerpt":{"rendered":"<p>Tech &#038; lead themes Leadership &#038; Public speaking Learn more about my speaker &#038; leader journey with Toastmasters. Mageia Linux Mandrake linux, then Mandriva and now Mageia. Learn more about the Community Driven RPM Linux distribution both user friendly and ready for business. Opensource &#038; free software Opensource &#038; free software are everywhere from your [&hellip;]<\/p>\n","protected":false},"author":2,"featured_media":0,"parent":0,"menu_order":0,"comment_status":"closed","ping_status":"closed","template":"","meta":{"_uag_custom_page_level_css":"","site-sidebar-layout":"no-sidebar","site-content-layout":"default","ast-site-content-layout":"default","site-content-style":"default","site-sidebar-style":"default","ast-global-header-display":"","ast-banner-title-visibility":"","ast-main-header-display":"","ast-hfb-above-header-display":"","ast-hfb-below-header-display":"","ast-hfb-mobile-header-display":"","site-post-title":"disabled","ast-breadcrumbs-content":"disabled","ast-featured-img":"","footer-sml-layout":"","ast-disable-related-posts":"","theme-transparent-header-meta":"enabled","adv-header-id-meta":"","stick-header-meta":"","header-above-stick-meta":"","header-main-stick-meta":"","header-below-stick-meta":"","astra-migrate-meta-layouts":"set","ast-page-background-enabled":"default","ast-page-background-meta":{"desktop":{"background-color":"","background-image":"","background-repeat":"repeat","background-position":"center center","background-size":"auto","background-attachment":"scroll","background-type":"","background-media":"","overlay-type":"","overlay-color":"","overlay-opacity":"","overlay-gradient":""},"tablet":{"background-color":"","background-image":"","background-repeat":"repeat","background-position":"center center","background-size":"auto","background-attachment":"scroll","background-type":"","background-media":"","overlay-type":"","overlay-color":"","overlay-opacity":"","overlay-gradient":""},"mobile":{"background-color":"","background-image":"","background-repeat":"repeat","background-position":"center center","background-size":"auto","background-attachment":"scroll","background-type":"","background-media":"","overlay-type":"","overlay-color":"","overlay-opacity":"","overlay-gradient":""}},"ast-content-background-meta":{"desktop":{"background-color":"var(--ast-global-color-5)","background-image":"","background-repeat":"repeat","background-position":"center center","background-size":"auto","background-attachment":"scroll","background-type":"","background-media":"","overlay-type":"","overlay-color":"","overlay-opacity":"","overlay-gradient":""},"tablet":{"background-color":"var(--ast-global-color-5)","background-image":"","background-repeat":"repeat","background-position":"center center","background-size":"auto","background-attachment":"scroll","background-type":"","background-media":"","overlay-type":"","overlay-color":"","overlay-opacity":"","overlay-gradient":""},"mobile":{"background-color":"var(--ast-global-color-5)","background-image":"","background-repeat":"repeat","background-position":"center center","background-size":"auto","background-attachment":"scroll","background-type":"","background-media":"","overlay-type":"","overlay-color":"","overlay-opacity":"","overlay-gradient":""}},"footnotes":""},"uagb_featured_image_src":{"full":false,"thumbnail":false,"medium":false,"medium_large":false,"large":false,"1536x1536":false,"2048x2048":false},"uagb_author_info":{"display_name":"Pascal Vilarem","author_link":"https:\/\/vilarem.net\/en\/author\/pvilarem\/"},"uagb_comment_info":0,"uagb_excerpt":"Tech &#038; lead themes Leadership &#038; Public speaking Learn more about my speaker &#038; leader journey with Toastmasters. Mageia Linux Mandrake linux, then Mandriva and now Mageia. Learn more about the Community Driven RPM Linux distribution both user friendly and ready for business. Opensource &#038; free software Opensource &#038; free software are everywhere from your&hellip;","amp_enabled":true,"_links":{"self":[{"href":"https:\/\/vilarem.net\/en\/wp-json\/wp\/v2\/pages\/264"}],"collection":[{"href":"https:\/\/vilarem.net\/en\/wp-json\/wp\/v2\/pages"}],"about":[{"href":"https:\/\/vilarem.net\/en\/wp-json\/wp\/v2\/types\/page"}],"author":[{"embeddable":true,"href":"https:\/\/vilarem.net\/en\/wp-json\/wp\/v2\/users\/2"}],"replies":[{"embeddable":true,"href":"https:\/\/vilarem.net\/en\/wp-json\/wp\/v2\/comments?post=264"}],"version-history":[{"count":0,"href":"https:\/\/vilarem.net\/en\/wp-json\/wp\/v2\/pages\/264\/revisions"}],"wp:attachment":[{"href":"https:\/\/vilarem.net\/en\/wp-json\/wp\/v2\/media?parent=264"}],"curies":[{"name":"wp","href":"https:\/\/api.w.org\/{rel}","templated":true}]}}