{"id":2057,"date":"2023-01-27T10:21:27","date_gmt":"2023-01-27T09:21:27","guid":{"rendered":"https:\/\/vilarem.net\/glossary-23\/"},"modified":"2024-07-06T07:59:05","modified_gmt":"2024-07-06T06:59:05","slug":"glossary-23","status":"publish","type":"page","link":"https:\/\/vilarem.net\/en\/glossary-23\/","title":{"rendered":"Glossary ~"},"content":{"rendered":"<div class=\"tooltips_directory\"><div class=\"tooltips_list\"><span class=\"tooltips_table_items\"><div class=\"tooltips_table\"><div class=\"tooltips_table_title\"><a href=\"https:\/\/vilarem.net\/en\/glossary\/decm-2\/\"><span class='tooltipsall tooltipsincontent classtoolTips0'>DECM<\/span><\/a><\/div><div class=\"tooltips_table_content\">Le DEC (En anglais District Executive Committee) est le Comit\u00e9 Ex\u00e9cutif du District. Il est compos\u00e9 des Directeurs de Secteurs, des Directeurs de Division et des membres de l'\u00e9quipe dirigeant le District. On rajoute M \u00e0 la fin pour Meeting : le DECM est une r\u00e9union du DEC. Il y a 4 DECM organis\u00e9s par <a href=\"https:\/\/vilarem.net\/en\/glossary\/decm-2\/\">Read More<\/a><\/div><\/div><\/span><\/div><div class=\"tooltips_list\"><span class=\"tooltips_table_items\"><div class=\"tooltips_table\"><div class=\"tooltips_table_title\"><a href=\"https:\/\/vilarem.net\/en\/glossary\/decm\/\">DECM<\/a><\/div><div class=\"tooltips_table_content\">The DEC is the District Executive Committee whose members are Area Directors, Division Directors and members of the District Core Team. M is added at the end for Meeting: the DECM is a meeting of the DEC. There are 4 DECM each : end of summer, autumn, winter and spring.<\/div><\/div><\/span><\/div><\/div>\n","protected":false},"excerpt":{"rendered":"","protected":false},"author":1,"featured_media":0,"parent":0,"menu_order":0,"comment_status":"closed","ping_status":"closed","template":"","meta":{"_uag_custom_page_level_css":"","site-sidebar-layout":"default","site-content-layout":"","ast-site-content-layout":"default","site-content-style":"default","site-sidebar-style":"default","ast-global-header-display":"","ast-banner-title-visibility":"","ast-main-header-display":"","ast-hfb-above-header-display":"","ast-hfb-below-header-display":"","ast-hfb-mobile-header-display":"","site-post-title":"","ast-breadcrumbs-content":"","ast-featured-img":"","footer-sml-layout":"","ast-disable-related-posts":"","theme-transparent-header-meta":"","adv-header-id-meta":"","stick-header-meta":"","header-above-stick-meta":"","header-main-stick-meta":"","header-below-stick-meta":"","astra-migrate-meta-layouts":"default","ast-page-background-enabled":"default","ast-page-background-meta":{"desktop":{"background-color":"","background-image":"","background-repeat":"repeat","background-position":"center center","background-size":"auto","background-attachment":"scroll","background-type":"","background-media":"","overlay-type":"","overlay-color":"","overlay-opacity":"","overlay-gradient":""},"tablet":{"background-color":"","background-image":"","background-repeat":"repeat","background-position":"center center","background-size":"auto","background-attachment":"scroll","background-type":"","background-media":"","overlay-type":"","overlay-color":"","overlay-opacity":"","overlay-gradient":""},"mobile":{"background-color":"","background-image":"","background-repeat":"repeat","background-position":"center center","background-size":"auto","background-attachment":"scroll","background-type":"","background-media":"","overlay-type":"","overlay-color":"","overlay-opacity":"","overlay-gradient":""}},"ast-content-background-meta":{"desktop":{"background-color":"var(--ast-global-color-5)","background-image":"","background-repeat":"repeat","background-position":"center center","background-size":"auto","background-attachment":"scroll","background-type":"","background-media":"","overlay-type":"","overlay-color":"","overlay-opacity":"","overlay-gradient":""},"tablet":{"background-color":"var(--ast-global-color-5)","background-image":"","background-repeat":"repeat","background-position":"center center","background-size":"auto","background-attachment":"scroll","background-type":"","background-media":"","overlay-type":"","overlay-color":"","overlay-opacity":"","overlay-gradient":""},"mobile":{"background-color":"var(--ast-global-color-5)","background-image":"","background-repeat":"repeat","background-position":"center center","background-size":"auto","background-attachment":"scroll","background-type":"","background-media":"","overlay-type":"","overlay-color":"","overlay-opacity":"","overlay-gradient":""}},"footnotes":""},"uagb_featured_image_src":{"full":false,"thumbnail":false,"medium":false,"medium_large":false,"large":false,"1536x1536":false,"2048x2048":false},"uagb_author_info":{"display_name":"Web Master","author_link":"https:\/\/vilarem.net\/en\/author\/webmaster\/"},"uagb_comment_info":0,"uagb_excerpt":null,"amp_enabled":true,"_links":{"self":[{"href":"https:\/\/vilarem.net\/en\/wp-json\/wp\/v2\/pages\/2057"}],"collection":[{"href":"https:\/\/vilarem.net\/en\/wp-json\/wp\/v2\/pages"}],"about":[{"href":"https:\/\/vilarem.net\/en\/wp-json\/wp\/v2\/types\/page"}],"author":[{"embeddable":true,"href":"https:\/\/vilarem.net\/en\/wp-json\/wp\/v2\/users\/1"}],"replies":[{"embeddable":true,"href":"https:\/\/vilarem.net\/en\/wp-json\/wp\/v2\/comments?post=2057"}],"version-history":[{"count":0,"href":"https:\/\/vilarem.net\/en\/wp-json\/wp\/v2\/pages\/2057\/revisions"}],"wp:attachment":[{"href":"https:\/\/vilarem.net\/en\/wp-json\/wp\/v2\/media?parent=2057"}],"curies":[{"name":"wp","href":"https:\/\/api.w.org\/{rel}","templated":true}]}}