{"id":1728,"date":"2021-05-01T21:23:42","date_gmt":"2021-05-01T20:23:42","guid":{"rendered":"https:\/\/vilarem.net\/?page_id=1728"},"modified":"2024-07-06T07:59:36","modified_gmt":"2024-07-06T06:59:36","slug":"credits","status":"publish","type":"page","link":"https:\/\/vilarem.net\/en\/credits\/","title":{"rendered":"M\u00e9rites et remerciements"},"content":{"rendered":"\n<h3 class=\"wp-block-heading\">Contributeurs<\/h3>\n\n\n\n<p>Je dois remercier un certain nombre de relecteurs, de traducteurs, de contributeurs pour leurs apports.<\/p>\n\n\n\n<p>Compte tenu du contexte de campagne \u00e9lectorale je ne peux pas tous les citer ici avant le 8 mai&#8230; si vous \u00eates curieux  il faudra revenir apr\u00e8s. <\/p>\n\n\n\n<p>Je peux d\u00e9j\u00e0 en remercier quelques un(e)s:<\/p>\n\n\n\n<ul><li>Xavier HYGONET : Relectures &#038; corrections techniques et fran\u00e7aises<\/li><li>Siegfried HAACK : Relectures &#038; corrections fran\u00e7aises<\/li><li>Maryna BLANKENSTEIN: Relectures &#038; corrections anglaises<\/li><li>Marike DIJKSTERHUIS: Relectures &#038; corrections n\u00e9erlandaises<\/li><li>Xxxx XXXXXX : Relectures &#038; corrections fran\u00e7aises<\/li><li>Xxxx XXXXXX : Relectures &#038; corrections anglaises<\/li><li>Xxxx XXXXXX : Relectures &#038; corrections n\u00e9erlandaises<\/li><\/ul>\n\n\n\n<h3 class=\"wp-block-heading\">M\u00e9rites techniques<\/h3>\n\n\n\n<p>Ce site est propuls\u00e9 fi\u00e8rement par <a href=\"https:\/\/wordpress.org\" target=\"_blank\" rel=\"noreferrer noopener\">WordPress<\/a>, le c\u00e9l\u00e8bre moteur de sites web qui fait plus que du blog depuis longtemps d\u00e9j\u00e0.<\/p>\n\n\n\n<p>Le th\u00e8me est d\u00e9riv\u00e9 d&#8217;Astra que l&#8217;on trouve directement \u00e0 t\u00e9l\u00e9charger depuis l&#8217;interface de gestion de th\u00e8mes de WordPress. J&#8217;en ai essay\u00e9 beaucoup et recal\u00e9 \u00e9norm\u00e9ment avant d&#8217;adopter celui-ci.<\/p>\n\n\n\n<p>Une partie des images est tir\u00e9e de cr\u00e9ations &#8220;maison&#8221; une partie des images est tir\u00e9e de la banque d&#8217;images gratuites <a href=\"https:\/\/www.plexels.com\" target=\"_blank\" rel=\"noreferrer noopener\">plexels.com<\/a> que je trouve assez extraordinaire.<\/p>\n","protected":false},"excerpt":{"rendered":"<p>Contributeurs Je dois remercier un certain nombre de relecteurs, de traducteurs, de contributeurs pour leurs apports. Compte tenu du contexte de campagne \u00e9lectorale je ne peux pas tous les citer ici avant le 8 mai&#8230; si vous \u00eates curieux il faudra revenir apr\u00e8s. Je peux d\u00e9j\u00e0 en remercier quelques un(e)s: Xavier HYGONET : Relectures &#038; [&hellip;]<\/p>\n","protected":false},"author":1,"featured_media":0,"parent":0,"menu_order":0,"comment_status":"closed","ping_status":"closed","template":"","meta":{"_uag_custom_page_level_css":"","site-sidebar-layout":"default","site-content-layout":"default","ast-site-content-layout":"default","site-content-style":"default","site-sidebar-style":"default","ast-global-header-display":"","ast-banner-title-visibility":"","ast-main-header-display":"","ast-hfb-above-header-display":"","ast-hfb-below-header-display":"","ast-hfb-mobile-header-display":"","site-post-title":"","ast-breadcrumbs-content":"","ast-featured-img":"","footer-sml-layout":"","ast-disable-related-posts":"","theme-transparent-header-meta":"default","adv-header-id-meta":"","stick-header-meta":"","header-above-stick-meta":"","header-main-stick-meta":"","header-below-stick-meta":"","astra-migrate-meta-layouts":"default","ast-page-background-enabled":"default","ast-page-background-meta":{"desktop":{"background-color":"","background-image":"","background-repeat":"repeat","background-position":"center center","background-size":"auto","background-attachment":"scroll","background-type":"","background-media":"","overlay-type":"","overlay-color":"","overlay-opacity":"","overlay-gradient":""},"tablet":{"background-color":"","background-image":"","background-repeat":"repeat","background-position":"center center","background-size":"auto","background-attachment":"scroll","background-type":"","background-media":"","overlay-type":"","overlay-color":"","overlay-opacity":"","overlay-gradient":""},"mobile":{"background-color":"","background-image":"","background-repeat":"repeat","background-position":"center center","background-size":"auto","background-attachment":"scroll","background-type":"","background-media":"","overlay-type":"","overlay-color":"","overlay-opacity":"","overlay-gradient":""}},"ast-content-background-meta":{"desktop":{"background-color":"var(--ast-global-color-5)","background-image":"","background-repeat":"repeat","background-position":"center center","background-size":"auto","background-attachment":"scroll","background-type":"","background-media":"","overlay-type":"","overlay-color":"","overlay-opacity":"","overlay-gradient":""},"tablet":{"background-color":"var(--ast-global-color-5)","background-image":"","background-repeat":"repeat","background-position":"center center","background-size":"auto","background-attachment":"scroll","background-type":"","background-media":"","overlay-type":"","overlay-color":"","overlay-opacity":"","overlay-gradient":""},"mobile":{"background-color":"var(--ast-global-color-5)","background-image":"","background-repeat":"repeat","background-position":"center center","background-size":"auto","background-attachment":"scroll","background-type":"","background-media":"","overlay-type":"","overlay-color":"","overlay-opacity":"","overlay-gradient":""}},"footnotes":""},"uagb_featured_image_src":{"full":false,"thumbnail":false,"medium":false,"medium_large":false,"large":false,"1536x1536":false,"2048x2048":false},"uagb_author_info":{"display_name":"Web Master","author_link":"https:\/\/vilarem.net\/en\/author\/webmaster\/"},"uagb_comment_info":0,"uagb_excerpt":"Contributeurs Je dois remercier un certain nombre de relecteurs, de traducteurs, de contributeurs pour leurs apports. Compte tenu du contexte de campagne \u00e9lectorale je ne peux pas tous les citer ici avant le 8 mai&#8230; si vous \u00eates curieux il faudra revenir apr\u00e8s. Je peux d\u00e9j\u00e0 en remercier quelques un(e)s: Xavier HYGONET : Relectures &#038;&hellip;","amp_enabled":true,"_links":{"self":[{"href":"https:\/\/vilarem.net\/en\/wp-json\/wp\/v2\/pages\/1728"}],"collection":[{"href":"https:\/\/vilarem.net\/en\/wp-json\/wp\/v2\/pages"}],"about":[{"href":"https:\/\/vilarem.net\/en\/wp-json\/wp\/v2\/types\/page"}],"author":[{"embeddable":true,"href":"https:\/\/vilarem.net\/en\/wp-json\/wp\/v2\/users\/1"}],"replies":[{"embeddable":true,"href":"https:\/\/vilarem.net\/en\/wp-json\/wp\/v2\/comments?post=1728"}],"version-history":[{"count":0,"href":"https:\/\/vilarem.net\/en\/wp-json\/wp\/v2\/pages\/1728\/revisions"}],"wp:attachment":[{"href":"https:\/\/vilarem.net\/en\/wp-json\/wp\/v2\/media?parent=1728"}],"curies":[{"name":"wp","href":"https:\/\/api.w.org\/{rel}","templated":true}]}}